{"id":1662,"date":"2012-11-26T00:09:07","date_gmt":"2012-11-25T15:09:07","guid":{"rendered":"http:\/\/odette.or.jp\/demo\/?page_id=1662"},"modified":"2020-08-05T16:01:10","modified_gmt":"2020-08-05T07:01:10","slug":"%e7%9b%9b%e5%b2%a1%e7%b7%8a%e6%80%a5%e3%83%9e%e3%83%8b%e3%83%a5%e3%82%a2%e3%83%ab","status":"publish","type":"page","link":"https:\/\/www.odette.or.jp\/?page_id=1662","title":{"rendered":"\u76db\u5ca1\u7dca\u6025\u30de\u30cb\u30e5\u30a2\u30eb"},"content":{"rendered":"<h2 class=\"entry-title h2bg-title\">\u76db\u5ca1\u7dca\u6025\u30de\u30cb\u30e5\u30a2\u30eb<\/h2>\n<p style=\"color: #426d02; font-size: 1.0em; \">\u3000\u3082\u3057\u3082\u30fb\u30fb\u30fb\u3053\u3093\u306a\u6642\u3002<br \/>\n\uff5e\u81ea\u4e3b\u5b66\u7fd2\u306a\u3069\u3067\u5e02\u5185\u3092\u63a2\u7d22\u3057\u3066\u3044\u308b\u6642\u3001\u4e07\u304c\u4e00\u30c8\u30e9\u30d6\u30eb\u306b\u5dfb\u304d\u8fbc\u307e\u308c\u305f\u308a<br \/>\n\u30a2\u30af\u30b7\u30c7\u30f3\u30c8\u304c\u8d77\u3053\u3063\u3066\u3057\u307e\u3063\u305f\u3089\u30fb\u30fb<\/p>\n<h3 class=\"green_label_title\"><strong>\u4ea4\u901a\u4e8b\u6545<\/strong><\/h3>\n<p><span style=\"color: #ff0000;\"><strong>\uff11\uff11\uff10\u756a<\/strong><\/span>\u3000\u3051\u304c\u4eba\u304c\u3044\u308b\u2192<strong><span style=\"color: #ff0000;\">\uff11\uff11\uff19\u756a<\/span><\/strong><\/p>\n<p>\u300c\u5317\u6d77\u9053\u306e\u25cb\u25cb\u25cb\u4e2d\u5b66\u6821\u304b\u3089\u4fee\u5b66\u65c5\u884c\u306b\u6765\u3066\u3044\u308b\u3001\u00d7\u00d7\u00d7\uff08\u540d\u524d\uff09\u3067\u3059\u3002<br \/>\n\u81ea\u4e3b\u7814\u4fee\u3067\u25b3\u25b3\u25b3\u306b\u3044\u307e\u3059\u304c\u3001\u25c6\u25c6\u25c6\uff08\u7dca\u6025\u4e8b\u614b\uff09\u304c\u304a\u304d\u307e\u3057\u305f\u3002<br \/>\n\u3051\u304c\u4eba\u304c\uff08\u4f55\u4eba\uff09\u3044\u307e\u3059\u3002\uff08\u3051\u304c\u4eba\u306f\u3044\u307e\u305b\u3093\uff09\u3002<br \/>\n\u5834\u6240\u306f\u2605\u2605\u2605\u2605\u3067\u3059\u3002\uff08\u306f\u3063\u304d\u308a\u3057\u305f\u5834\u6240\u304c\u308f\u304b\u308a\u307e\u305b\u3093\u3002\u2606\u2606\u2606\u2606\u3078\u5411\u304b\u3046\u9014\u4e2d\u3067\u6b69\u3044\u3066\u3044\u307e\u3057\u305f\u3002\u8fd1\u304f\u306b\u5927\u304d\u306a\u4ea4\u5dee\u70b9\u304c\u3042\u308a\u307e\u3059\u3002\u6a4b\u304c\u3042\u308a\u307e\u3059\u3002\u306a\u3069\uff09\u300d<\/p>\n<h3 class=\"green_label_title\"><strong>\u6025\u75c5<\/strong><\/h3>\n<p><span style=\"color: #ff0000;\"><strong>\uff11\uff11\uff19\u756a<\/strong><\/span><\/p>\n<p>\u300c\u5317\u6d77\u9053\u306e\u25cb\u25cb\u25cb\u4e2d\u5b66\u6821\u304b\u3089\u4fee\u5b66\u65c5\u884c\u306b\u6765\u3066\u3044\u308b\u3001\u00d7\u00d7\u00d7\uff08\u540d\u524d\uff09\u3067\u3059\u3002<br \/>\n\u81ea\u4e3b\u7814\u4fee\u3067\u25b3\u25b3\u25b3\u306b\u3044\u307e\u3059\u304c\u3001\u53cb\u9054\u304c\u25c6\u25c6\u25c6\uff08\u8179\u75db\u3001\u80f8\u304c\u82e6\u3057\u3044\u306a\u3069\uff09\u3067\u3059\u3002<br \/>\n\u3051\u304c\u4eba\u304c\uff08\u4f55\u4eba\uff09\u3044\u307e\u3059\u3002\uff08\u3051\u304c\u4eba\u306f\u3044\u307e\u305b\u3093\uff09\u3002<br \/>\n\u5834\u6240\u306f\u2605\u2605\u2605\u2605\u3067\u3059\u3002\u6551\u6025\u8eca\u3092\u304a\u9858\u3044\u3057\u307e\u3059\u3002<br \/>\n\u203b\u306f\u3063\u304d\u308a\u3057\u305f\u5834\u6240\u304c\u308f\u304b\u3089\u306a\u3044\u3068\u304d\u306f\u76ee\u5370\u3068\u306a\u308b\u5efa\u7269\u306a\u3069\u3092\u843d\u3061\u7740\u3044\u3066\u4f1d\u3048\u307e\u3057\u3087\u3046\u3002<\/p>\n<h3 class=\"green_label_title\"><strong>\u5148\u751f\u3078\u306e\u9023\u7d61<\/strong><\/h3>\n<p>\u5148\u751f\u306e\u643a\u5e2f\u96fb\u8a71\u306e\u756a\u53f7\u3092\u66f8\u3044\u3066\u304a\u304d\u307e\u3057\u3087\u3046\u3002<\/p>\n<h3 class=\"green_label_title\"><strong>\u30c8\u30e9\u30d6\u30eb\u30fb\u30a2\u30af\u30b7\u30c7\u30f3\u30c8<\/strong><\/h3>\n<p>\u30fb\u76db\u5ca1\u89b3\u5149\u30b3\u30f3\u30d9\u30f3\u30b7\u30e7\u30f3\u5354\u4f1a\u3000\u96fb\u8a71\u3000019-621-8800<br \/>\n\u30fb\u76db\u5ca1\u5e02\u89b3\u5149\u8ab2\u3000\u96fb\u8a71\u3000019-651-4111(\u5e02\u5f79\u6240\u306e\u4ee3\u8868\u756a\u53f7\uff09<br \/>\n\u30fb\u5ca9\u624b\u770c\u89b3\u5149\u8ab2\u3000\u96fb\u8a71\u3000019-651-3111\uff08\u770c\u5e81\u306e\u4ee3\u8868\u756a\u53f7\uff09<\/p>\n<h3 class=\"green_label_title\"><strong>\u4fee\u5b66\u65c5\u884c\u751f\u306e\u304a\u624b\u4f1d\u3044\u3092\u3057\u307e\u3059\uff01<\/strong><\/h3>\n<p>\u30fb\u76db\u5ca1\u5e02\u5185\u306e\u30db\u30c6\u30eb\u3001\u65c5\u9928\u3001\u65bd\u8a2d<br \/>\n\u30db\u30c6\u30eb\u3084\u65c5\u9928\u306e\u4eba\u305f\u3061\u304c\u3044\u308d\u3044\u308d\u304a\u624b\u4f1d\u3044\u3092\u3057\u307e\u3059\u3002<br \/>\n\u4f55\u304b\u3042\u3063\u305f\u3089\u3001\u99c6\u3051\u8fbc\u3093\u3067\u76f8\u8ac7\u3057\u307e\u3057\u3087\u3046\u3002<\/p>\n<p><img loading=\"lazy\" decoding=\"async\" class=\"size-full wp-image-1674  alignright\" title=\"\u64ec\u5b9d\u73e0\" src=\"https:\/\/www.odette.or.jp\/wp-content\/uploads\/2012\/11\/gihoujyu.jpeg\" alt=\"\" width=\"20\" height=\"60\" \/><\/p>\n<p>\u30fb\u76db\u5ca1\u5e02\u6c11\u89b3\u5149\u6848\u5185\u6240<br \/>\n\u5e97\u5148\u306b\u3042\u308b\u64ec\u5b9d\u73e0\u304c\u76ee\u5370\u3067\u3059\u3002<br \/>\n\u3053\u3053\u3067\u3082\u306a\u306b\u304b\u3068\u52a9\u3051\u3066\u304f\u308c\u307e\u3059\u3002<\/p>\n<pre>\u2460\u307e\u305a\u3001\u843d\u3061\u7740\u304d\u307e\u3057\u3087\u3046\u3002\r\n\u2461\u516c\u8846\u96fb\u8a71\u306a\u3069\u898b\u3064\u304b\u3089\u306a\u304b\u3063\u305f\u5834\u5408\u306f\u3001\u8fd1\u304f\u306e\u4eba\u306b\u52a9\u3051\u3092\u304a\u9858\u3044\u3057\u307e\u3057\u3087\u3046\u3002\r\n\u2462\u5b66\u6821\u306e\u5148\u751f\u3068\u9023\u7d61\u3092\u3068\u308a\u307e\u3057\u3087\u3046\u3002\r\n\u2463\u5b66\u6821\u306a\u3069\u306e\u6307\u793a\u306b\u5f93\u3063\u3066\u884c\u52d5\u3057\u307e\u3057\u3087\u3046\u3002<\/pre>\n","protected":false},"excerpt":{"rendered":"<p>\u76db\u5ca1\u7dca\u6025\u30de\u30cb\u30e5\u30a2\u30eb \u3000\u3082\u3057\u3082\u30fb\u30fb\u30fb\u3053\u3093\u306a\u6642\u3002 \uff5e\u81ea\u4e3b\u5b66\u7fd2\u306a\u3069\u3067\u5e02\u5185\u3092\u63a2\u7d22\u3057\u3066\u3044\u308b\u6642\u3001\u4e07\u304c\u4e00\u30c8\u30e9\u30d6\u30eb\u306b\u5dfb\u304d\u8fbc\u307e\u308c\u305f\u308a \u30a2\u30af\u30b7\u30c7\u30f3\u30c8\u304c\u8d77\u3053\u3063\u3066\u3057\u307e\u3063\u305f\u3089\u30fb\u30fb \u4ea4\u901a\u4e8b\u6545 \uff11\uff11\uff10\u756a\u3000\u3051\u304c\u4eba\u304c\u3044\u308b\u2192\uff11\uff11\uff19\u756a \u300c\u5317\u6d77\u9053\u306e\u25cb\u25cb\u25cb\u4e2d\u5b66\u6821 &hellip; <a class=\"mo-btn\" href=\"https:\/\/www.odette.or.jp\/?page_id=1662\">\u7d9a\u304d\u3092\u8aad\u3080 <span class=\"meta-nav\">&rarr;<\/span><\/a><\/p>\n","protected":false},"author":1,"featured_media":0,"parent":1657,"menu_order":80,"comment_status":"closed","ping_status":"closed","template":"sidebar-page.php","meta":{"footnotes":"","_wp_rev_ctl_limit":""},"class_list":["post-1662","page","type-page","status-publish","hentry"],"publishpress_future_action":{"enabled":false,"date":"2026-04-29 19:46:33","action":"change-status","newStatus":"draft","terms":[],"taxonomy":"","extraData":[]},"publishpress_future_workflow_manual_trigger":{"enabledWorkflows":[]},"_links":{"self":[{"href":"https:\/\/www.odette.or.jp\/index.php?rest_route=\/wp\/v2\/pages\/1662","targetHints":{"allow":["GET"]}}],"collection":[{"href":"https:\/\/www.odette.or.jp\/index.php?rest_route=\/wp\/v2\/pages"}],"about":[{"href":"https:\/\/www.odette.or.jp\/index.php?rest_route=\/wp\/v2\/types\/page"}],"author":[{"embeddable":true,"href":"https:\/\/www.odette.or.jp\/index.php?rest_route=\/wp\/v2\/users\/1"}],"replies":[{"embeddable":true,"href":"https:\/\/www.odette.or.jp\/index.php?rest_route=%2Fwp%2Fv2%2Fcomments&post=1662"}],"version-history":[{"count":1,"href":"https:\/\/www.odette.or.jp\/index.php?rest_route=\/wp\/v2\/pages\/1662\/revisions"}],"predecessor-version":[{"id":9557,"href":"https:\/\/www.odette.or.jp\/index.php?rest_route=\/wp\/v2\/pages\/1662\/revisions\/9557"}],"up":[{"embeddable":true,"href":"https:\/\/www.odette.or.jp\/index.php?rest_route=\/wp\/v2\/pages\/1657"}],"wp:attachment":[{"href":"https:\/\/www.odette.or.jp\/index.php?rest_route=%2Fwp%2Fv2%2Fmedia&parent=1662"}],"curies":[{"name":"wp","href":"https:\/\/api.w.org\/{rel}","templated":true}]}}